{"id":62954,"date":"2023-11-27T10:01:01","date_gmt":"2023-11-27T08:01:01","guid":{"rendered":"https:\/\/noblewine.lv\/catalog\/uncategorized\/macon-fuisse-le-ronte-2021\/"},"modified":"2024-05-24T23:02:52","modified_gmt":"2024-05-24T20:02:52","slug":"macon-fuisse-le-ronte-2021","status":"publish","type":"product","link":"https:\/\/nwold.test.decotec.lv\/ru\/catalog\/vino\/macon-fuisse-le-ronte-2021\/","title":{"rendered":"Macon-Fuisse &#8220;Le Ronte&#8221; 2021"},"content":{"rendered":"","protected":false},"excerpt":{"rendered":"<p>&#8220;Arom\u0101t\u0101 j\u016btamas balto ziedu, ka\u013c\u0137a un griepfr\u016bta notis. Gar\u0161\u0101 v\u012bns ir aug\u013cains, ka\u013c\u0137ains ar sul\u012bgu tekst\u016bru un ilgu p\u0113cgar\u0161u.&#8221; \u2014 Ronalds P\u0113tersons, &#8220;Noble Wine&#8221; somelj\u0113<\/p>\n","protected":false},"featured_media":48399,"template":"","meta":[],"product_cat":[4114],"product_tag":[],"class_list":["post-62954","product","type-product","status-publish","has-post-thumbnail","hentry","product_cat-vino","pa_country-france-ru","pa_region-burgundy-ru","pa_tips-beloe-vino","pa_varietal-chardonnay-ru","pa_vendor-domaine-la-soufrandise-ru","pa_village-maconnais-ru"],"acf":[],"_links":{"self":[{"href":"https:\/\/nwold.test.decotec.lv\/ru\/wp-json\/wp\/v2\/product\/62954"}],"collection":[{"href":"https:\/\/nwold.test.decotec.lv\/ru\/wp-json\/wp\/v2\/product"}],"about":[{"href":"https:\/\/nwold.test.decotec.lv\/ru\/wp-json\/wp\/v2\/types\/product"}],"wp:featuredmedia":[{"embeddable":true,"href":"https:\/\/nwold.test.decotec.lv\/ru\/wp-json\/wp\/v2\/media\/48399"}],"wp:attachment":[{"href":"https:\/\/nwold.test.decotec.lv\/ru\/wp-json\/wp\/v2\/media?parent=62954"}],"wp:term":[{"taxonomy":"product_cat","embeddable":true,"href":"https:\/\/nwold.test.decotec.lv\/ru\/wp-json\/wp\/v2\/product_cat?post=62954"},{"taxonomy":"product_tag","embeddable":true,"href":"https:\/\/nwold.test.decotec.lv\/ru\/wp-json\/wp\/v2\/product_tag?post=62954"}],"curies":[{"name":"wp","href":"https:\/\/api.w.org\/{rel}","templated":true}]}}