{"id":62959,"date":"2023-11-27T13:01:05","date_gmt":"2023-11-27T11:01:05","guid":{"rendered":"https:\/\/noblewine.lv\/catalog\/uncategorized\/langhe-nebbiolo-doc-fralu-2021\/"},"modified":"2024-05-23T10:09:43","modified_gmt":"2024-05-23T07:09:43","slug":"langhe-nebbiolo-doc-fralu-2021","status":"publish","type":"product","link":"https:\/\/nwold.test.decotec.lv\/ru\/catalog\/vino\/langhe-nebbiolo-doc-fralu-2021\/","title":{"rendered":"Langhe Nebbiolo DOC &#8220;Fralu&#8221; 2021"},"content":{"rendered":"","protected":false},"excerpt":{"rendered":"<p>&#8220;Arom\u0101t\u0101 j\u016btamas elegantas tum\u0161o \u0137ir\u0161u, svaigu kaze\u0146u, gar\u0161vielu un melnzemes notis. Gar\u0161a ir sul\u012bga ar \u017e\u0101v\u0113tu tum\u0161o ogu un \u0137ir\u0161u not\u012bm. Tan\u012bni ir akt\u012bvi un kr\u012btaini.&#8221;\u2014 Ronalds P\u0113tersons, &#8220;Noble Wine&#8221; somelj\u0113<\/p>\n","protected":false},"featured_media":54399,"template":"","meta":[],"product_cat":[4114],"product_tag":[],"class_list":["post-62959","product","type-product","status-publish","has-post-thumbnail","hentry","product_cat-vino","pa_country-italy-ru","pa_region-piedmont-ru","pa_tips-red-wine-ru","pa_varietal-nebbiolo-ru","pa_vendor-bruno-rocca-ru","pa_village-langhe-ru"],"acf":[],"_links":{"self":[{"href":"https:\/\/nwold.test.decotec.lv\/ru\/wp-json\/wp\/v2\/product\/62959"}],"collection":[{"href":"https:\/\/nwold.test.decotec.lv\/ru\/wp-json\/wp\/v2\/product"}],"about":[{"href":"https:\/\/nwold.test.decotec.lv\/ru\/wp-json\/wp\/v2\/types\/product"}],"wp:featuredmedia":[{"embeddable":true,"href":"https:\/\/nwold.test.decotec.lv\/ru\/wp-json\/wp\/v2\/media\/54399"}],"wp:attachment":[{"href":"https:\/\/nwold.test.decotec.lv\/ru\/wp-json\/wp\/v2\/media?parent=62959"}],"wp:term":[{"taxonomy":"product_cat","embeddable":true,"href":"https:\/\/nwold.test.decotec.lv\/ru\/wp-json\/wp\/v2\/product_cat?post=62959"},{"taxonomy":"product_tag","embeddable":true,"href":"https:\/\/nwold.test.decotec.lv\/ru\/wp-json\/wp\/v2\/product_tag?post=62959"}],"curies":[{"name":"wp","href":"https:\/\/api.w.org\/{rel}","templated":true}]}}