{"id":63421,"date":"2024-01-09T10:45:08","date_gmt":"2024-01-09T08:45:08","guid":{"rendered":"https:\/\/noblewine.lv\/catalog\/uncategorized\/vosne-romanee-dom-du-clos-frantin-2021\/"},"modified":"2024-04-15T16:15:07","modified_gmt":"2024-04-15T13:15:07","slug":"vosne-romanee-dom-du-clos-frantin-2021","status":"publish","type":"product","link":"https:\/\/nwold.test.decotec.lv\/ru\/catalog\/vino\/vosne-romanee-dom-du-clos-frantin-2021\/","title":{"rendered":"Vosne-Romanee &#8220;Dom. Du Clos Frantin&#8221; 2021"},"content":{"rendered":"","protected":false},"excerpt":{"rendered":"<p>&#8220;Arom\u0101t\u0101 j\u016btamas tabakas, meln\u0101s t\u0113jas un saldo gar\u0161vielu notis. Gar\u0161a ir samtaina un eleganta, ar z\u012bdaniem tan\u012bniem un ilgu, sul\u012bgu p\u0113cgar\u0161u.&#8221; \u2014 Ronalds P\u0113tersons, &#8220;Noble Wine&#8221; somelj\u0113<\/p>\n","protected":false},"featured_media":62859,"template":"","meta":[],"product_cat":[4114],"product_tag":[],"class_list":["post-63421","product","type-product","status-publish","has-post-thumbnail","hentry","product_cat-vino","pa_country-france-ru","pa_region-burgundy-ru","pa_tips-red-wine-ru","pa_varietal-pinot-noir-ru","pa_vendor-maison-albert-bichot-ru","pa_village-vosne-romannee-ru"],"acf":[],"_links":{"self":[{"href":"https:\/\/nwold.test.decotec.lv\/ru\/wp-json\/wp\/v2\/product\/63421"}],"collection":[{"href":"https:\/\/nwold.test.decotec.lv\/ru\/wp-json\/wp\/v2\/product"}],"about":[{"href":"https:\/\/nwold.test.decotec.lv\/ru\/wp-json\/wp\/v2\/types\/product"}],"wp:featuredmedia":[{"embeddable":true,"href":"https:\/\/nwold.test.decotec.lv\/ru\/wp-json\/wp\/v2\/media\/62859"}],"wp:attachment":[{"href":"https:\/\/nwold.test.decotec.lv\/ru\/wp-json\/wp\/v2\/media?parent=63421"}],"wp:term":[{"taxonomy":"product_cat","embeddable":true,"href":"https:\/\/nwold.test.decotec.lv\/ru\/wp-json\/wp\/v2\/product_cat?post=63421"},{"taxonomy":"product_tag","embeddable":true,"href":"https:\/\/nwold.test.decotec.lv\/ru\/wp-json\/wp\/v2\/product_tag?post=63421"}],"curies":[{"name":"wp","href":"https:\/\/api.w.org\/{rel}","templated":true}]}}