{"id":63436,"date":"2024-01-09T11:44:51","date_gmt":"2024-01-09T09:44:51","guid":{"rendered":"https:\/\/noblewine.lv\/catalog\/uncategorized\/toscana-igp-santacroce-2009\/"},"modified":"2024-05-01T08:44:10","modified_gmt":"2024-05-01T05:44:10","slug":"toscana-igp-santacroce-2009","status":"publish","type":"product","link":"https:\/\/nwold.test.decotec.lv\/ru\/catalog\/vino\/toscana-igp-santacroce-2009\/","title":{"rendered":"Toscana IGP &#8220;Santacroce&#8221; 2009"},"content":{"rendered":"","protected":false},"excerpt":{"rendered":"<p>&#8220;Arom\u0101t\u0101 j\u016btami upe\u0146u, vijol\u012b\u0161u, \u0101das, ciedrkoka un tabakas notis. Gar\u0161a ir maiga, pilna, sul\u012bga un ar pl\u016bmju, upe\u0146u, tabakas, gar\u0161vielu nians\u0113m. P\u0113cgar\u0161a ir eleganta, notur\u012bga un maiga. Tan\u012bni ir z\u012bdaini.&#8221; \u2014 Ronalds P\u0113tersons, &#8220;Noble Wine&#8221; somelj\u0113<\/p>\n","protected":false},"featured_media":59942,"template":"","meta":[],"product_cat":[4114],"product_tag":[3133],"class_list":["post-63436","product","type-product","status-publish","has-post-thumbnail","hentry","product_cat-vino","product_tag-biggest-saving-ru","pa_country-italy-ru","pa_region-toscana-ru","pa_tips-red-wine-ru","pa_varietal-cabernet-sauvignon-ru","pa_varietal-sangiovese-ru","pa_vendor-castellin-villa-ru","pa_village-regional-toscana-ru"],"acf":[],"_links":{"self":[{"href":"https:\/\/nwold.test.decotec.lv\/ru\/wp-json\/wp\/v2\/product\/63436"}],"collection":[{"href":"https:\/\/nwold.test.decotec.lv\/ru\/wp-json\/wp\/v2\/product"}],"about":[{"href":"https:\/\/nwold.test.decotec.lv\/ru\/wp-json\/wp\/v2\/types\/product"}],"wp:featuredmedia":[{"embeddable":true,"href":"https:\/\/nwold.test.decotec.lv\/ru\/wp-json\/wp\/v2\/media\/59942"}],"wp:attachment":[{"href":"https:\/\/nwold.test.decotec.lv\/ru\/wp-json\/wp\/v2\/media?parent=63436"}],"wp:term":[{"taxonomy":"product_cat","embeddable":true,"href":"https:\/\/nwold.test.decotec.lv\/ru\/wp-json\/wp\/v2\/product_cat?post=63436"},{"taxonomy":"product_tag","embeddable":true,"href":"https:\/\/nwold.test.decotec.lv\/ru\/wp-json\/wp\/v2\/product_tag?post=63436"}],"curies":[{"name":"wp","href":"https:\/\/api.w.org\/{rel}","templated":true}]}}