{"id":63446,"date":"2024-01-09T12:14:51","date_gmt":"2024-01-09T10:14:51","guid":{"rendered":"https:\/\/noblewine.lv\/catalog\/uncategorized\/mercurey-les-marcoeurs-2021\/"},"modified":"2024-05-03T08:20:02","modified_gmt":"2024-05-03T05:20:02","slug":"mercurey-les-marcoeurs-2021","status":"publish","type":"product","link":"https:\/\/nwold.test.decotec.lv\/ru\/catalog\/vino\/mercurey-les-marcoeurs-2021\/","title":{"rendered":"Mercurey &#8220;Les Marcoeurs&#8221; 2021"},"content":{"rendered":"","protected":false},"excerpt":{"rendered":"<p>&#8220;Komplekss arom\u0101ts ar vijol\u012b\u0161u, melle\u0146u un upe\u0146u not\u012bm. Gar\u0161a ir intens\u012bva, ar tum\u0161o ogu un melnzemes not\u012bm. Tan\u012bni ir apa\u013ci un maigi. P\u0113cgar\u0161a &#8211; ilga.&#8221; \u2014 Ronalds P\u0113tersons, &#8220;Noble Wine&#8221; somelj\u0113<\/p>\n","protected":false},"featured_media":59183,"template":"","meta":[],"product_cat":[4114],"product_tag":[3133],"class_list":["post-63446","product","type-product","status-publish","has-post-thumbnail","hentry","product_cat-vino","product_tag-biggest-saving-ru","pa_country-france-ru","pa_region-burgundy-ru","pa_tips-red-wine-ru","pa_varietal-pinot-noir-ru","pa_vendor-domaine-les-champs-de-labbaye-ru","pa_village-cote-chalonnaise-ru"],"acf":[],"_links":{"self":[{"href":"https:\/\/nwold.test.decotec.lv\/ru\/wp-json\/wp\/v2\/product\/63446"}],"collection":[{"href":"https:\/\/nwold.test.decotec.lv\/ru\/wp-json\/wp\/v2\/product"}],"about":[{"href":"https:\/\/nwold.test.decotec.lv\/ru\/wp-json\/wp\/v2\/types\/product"}],"wp:featuredmedia":[{"embeddable":true,"href":"https:\/\/nwold.test.decotec.lv\/ru\/wp-json\/wp\/v2\/media\/59183"}],"wp:attachment":[{"href":"https:\/\/nwold.test.decotec.lv\/ru\/wp-json\/wp\/v2\/media?parent=63446"}],"wp:term":[{"taxonomy":"product_cat","embeddable":true,"href":"https:\/\/nwold.test.decotec.lv\/ru\/wp-json\/wp\/v2\/product_cat?post=63446"},{"taxonomy":"product_tag","embeddable":true,"href":"https:\/\/nwold.test.decotec.lv\/ru\/wp-json\/wp\/v2\/product_tag?post=63446"}],"curies":[{"name":"wp","href":"https:\/\/api.w.org\/{rel}","templated":true}]}}