{"id":63462,"date":"2024-01-09T14:15:16","date_gmt":"2024-01-09T12:15:16","guid":{"rendered":"https:\/\/noblewine.lv\/catalog\/uncategorized\/marsannay-les-longeroies-2020\/"},"modified":"2024-05-14T07:37:27","modified_gmt":"2024-05-14T04:37:27","slug":"marsannay-les-longeroies-2020","status":"publish","type":"product","link":"https:\/\/nwold.test.decotec.lv\/ru\/catalog\/vino\/marsannay-les-longeroies-2020\/","title":{"rendered":"Marsannay &#8220;Les Longeroies&#8221; 2020"},"content":{"rendered":"","protected":false},"excerpt":{"rendered":"<p>&#8220;Arom\u0101t\u0101 j\u016btamas upe\u0146u un pikantas vani\u013cas notis. Gar\u0161a ir sul\u012bga, aug\u013caina ar maigiem tan\u012bniem un j\u016btam\u0101m \u0137ir\u0161u, \u0161okol\u0101des un saldo gar\u0161vielu not\u012bm. P\u0113cgar\u0161a ilga.&#8221; \u2014 Ronalds P\u0113tersons, &#8220;Noble Wine&#8221; somelj\u0113<\/p>\n","protected":false},"featured_media":59921,"template":"","meta":[],"product_cat":[4114],"product_tag":[],"class_list":["post-63462","product","type-product","status-publish","has-post-thumbnail","hentry","product_cat-vino","pa_country-france-ru","pa_region-burgundy-ru","pa_tips-red-wine-ru","pa_varietal-pinot-noir-ru","pa_vendor-domaine-charles-audoin-ru","pa_village-marsannay-ru"],"acf":[],"_links":{"self":[{"href":"https:\/\/nwold.test.decotec.lv\/ru\/wp-json\/wp\/v2\/product\/63462"}],"collection":[{"href":"https:\/\/nwold.test.decotec.lv\/ru\/wp-json\/wp\/v2\/product"}],"about":[{"href":"https:\/\/nwold.test.decotec.lv\/ru\/wp-json\/wp\/v2\/types\/product"}],"wp:featuredmedia":[{"embeddable":true,"href":"https:\/\/nwold.test.decotec.lv\/ru\/wp-json\/wp\/v2\/media\/59921"}],"wp:attachment":[{"href":"https:\/\/nwold.test.decotec.lv\/ru\/wp-json\/wp\/v2\/media?parent=63462"}],"wp:term":[{"taxonomy":"product_cat","embeddable":true,"href":"https:\/\/nwold.test.decotec.lv\/ru\/wp-json\/wp\/v2\/product_cat?post=63462"},{"taxonomy":"product_tag","embeddable":true,"href":"https:\/\/nwold.test.decotec.lv\/ru\/wp-json\/wp\/v2\/product_tag?post=63462"}],"curies":[{"name":"wp","href":"https:\/\/api.w.org\/{rel}","templated":true}]}}