{"id":63473,"date":"2024-01-09T14:15:23","date_gmt":"2024-01-09T12:15:23","guid":{"rendered":"https:\/\/noblewine.lv\/catalog\/uncategorized\/chassagne-montrachet-v-v-2020\/"},"modified":"2024-05-21T12:53:23","modified_gmt":"2024-05-21T09:53:23","slug":"chassagne-montrachet-v-v-2020","status":"publish","type":"product","link":"https:\/\/nwold.test.decotec.lv\/ru\/catalog\/vino\/chassagne-montrachet-v-v-2020\/","title":{"rendered":"Chassagne-Montrachet &#8220;V.V.&#8221; 2020"},"content":{"rendered":"","protected":false},"excerpt":{"rendered":"<p>&#8220;Arom\u0101t\u0101 j\u016btamas balto ziedu, citrusu, negatava za\u013c\u0101 \u0101bola un mitra kr\u012bta notis. Gar\u0161\u0101 v\u012bns ir sauss, miner\u0101ls, sul\u012bgs, svaigumu ar izteiktu intensit\u0101ti un ilgu p\u0113cgar\u0161u.&#8221; \u2014 Ronalds P\u0113tersons, &#8220;Noble Wine&#8221; somelj\u0113<\/p>\n","protected":false},"featured_media":62121,"template":"","meta":[],"product_cat":[4114],"product_tag":[],"class_list":["post-63473","product","type-product","status-publish","has-post-thumbnail","hentry","product_cat-vino","pa_country-france-ru","pa_region-burgundy-ru","pa_tips-beloe-vino","pa_varietal-chardonnay-ru","pa_vendor-vincent-girardin-ru","pa_village-chassagne-montrachet-ru"],"acf":[],"_links":{"self":[{"href":"https:\/\/nwold.test.decotec.lv\/ru\/wp-json\/wp\/v2\/product\/63473"}],"collection":[{"href":"https:\/\/nwold.test.decotec.lv\/ru\/wp-json\/wp\/v2\/product"}],"about":[{"href":"https:\/\/nwold.test.decotec.lv\/ru\/wp-json\/wp\/v2\/types\/product"}],"wp:featuredmedia":[{"embeddable":true,"href":"https:\/\/nwold.test.decotec.lv\/ru\/wp-json\/wp\/v2\/media\/62121"}],"wp:attachment":[{"href":"https:\/\/nwold.test.decotec.lv\/ru\/wp-json\/wp\/v2\/media?parent=63473"}],"wp:term":[{"taxonomy":"product_cat","embeddable":true,"href":"https:\/\/nwold.test.decotec.lv\/ru\/wp-json\/wp\/v2\/product_cat?post=63473"},{"taxonomy":"product_tag","embeddable":true,"href":"https:\/\/nwold.test.decotec.lv\/ru\/wp-json\/wp\/v2\/product_tag?post=63473"}],"curies":[{"name":"wp","href":"https:\/\/api.w.org\/{rel}","templated":true}]}}